{"id":20,"date":"2021-02-05T11:14:44","date_gmt":"2021-02-05T15:14:44","guid":{"rendered":"http:\/\/www.glaargpr.com\/?page_id=20"},"modified":"2026-03-15T20:18:28","modified_gmt":"2026-03-16T00:18:28","slug":"calendario-de-examenes","status":"publish","type":"page","link":"https:\/\/www.glaargpr.com\/","title":{"rendered":"Calendario de Ex\u00e1menes"},"content":{"rendered":"<h4 style=\"text-align: center;\"><span style=\"text-decoration: underline; font-size: 18pt;\">Pr\u00f3ximas Fechas de Ex\u00e1menes<\/span><\/h4>\n<h1 class=\"cvGsUA direction-ltr align-center para-style-body\" style=\"text-align: center;\"><strong><span class=\"OYPEnA text-decoration-none text-strikethrough-none\">Para todas las categor\u00edas de radioaficionado, <\/span><span class=\"OYPEnA text-decoration-none text-strikethrough-none\">en espa\u00f1ol e ingles.<\/span><\/strong><\/h1>\n<p style=\"text-align: center;\"><span style=\"text-decoration: underline; font-size: 18pt;\"><span style=\"color: #ff0000; text-decoration: underline;\">Siempre examinamos a menores de edad, estudiantes menores de 25 con ID, militares activos y veteranos <\/span><span style=\"color: #ff0000; text-decoration: underline;\"><strong><span style=\"color: #ff0000; text-decoration: underline;\">GRATIS<\/span>.<\/strong><\/span><\/span><\/p>\n<p style=\"text-align: center;\"><span style=\"font-size: 18pt;\">Todos los dem\u00e1s pagan <span style=\"color: #ff0000;\"><strong>$10.00 d\u00f3lares<\/strong><\/span><\/span>.<\/p>\n<table style=\"border-collapse: collapse; width: 100%; height: 860px;\">\n<tbody>\n<tr style=\"height: 48px;\">\n<td style=\"width: 32.4593%; text-align: center; height: 48px;\"><span style=\"font-size: 24pt;\">Fecha<\/span><\/td>\n<td style=\"width: 32.605%; text-align: center; height: 48px;\"><span style=\"font-size: 24pt;\">Hora<\/span><\/td>\n<td style=\"width: 34.9356%; text-align: center; height: 48px;\"><span style=\"font-size: 24pt;\">Enlace de Registro<\/span><\/td>\n<\/tr>\n<tr style=\"height: 136px;\">\n<td style=\"width: 32.4593%; text-align: center; height: 136px;\">marzo 22, 2026<\/td>\n<td style=\"width: 32.605%; text-align: center; height: 136px;\">Sesi\u00f3n Presencial<\/p>\n<p>Coliseo Francisco Deida, Hatillo<\/p>\n<p>10am a 12pm<\/td>\n<td style=\"width: 34.9356%; text-align: center; height: 136px;\"><a href=\"https:\/\/ham.study\/sessions\/69b731806f1e8cd12e43cb63\/1\" target=\"_blank\" rel=\"noopener\">Click aqu\u00ed para registro<\/a><\/td>\n<\/tr>\n<tr style=\"height: 136px;\">\n<td style=\"width: 32.4593%; text-align: center; height: 136px;\">abril 1, 2026<\/td>\n<td style=\"width: 32.605%; text-align: center; height: 136px;\">\n<p style=\"text-align: center;\">\n<p style=\"text-align: center;\">Sesi\u00f3n Online<\/p>\n<p style=\"text-align: center;\">7pm a 9pm<\/p>\n<p style=\"text-align: center;\">Hora de Puerto Rico<\/p>\n<\/td>\n<td style=\"width: 34.9356%; text-align: center; height: 136px;\"><a href=\"https:\/\/ham.study\/sessions\/6913b2e307959d58fd14c6d0\/1\" target=\"_blank\" rel=\"noopener\">Click aqu\u00ed para registro<\/a><\/td>\n<\/tr>\n<tr style=\"height: 56px;\">\n<td style=\"width: 32.4593%; text-align: center; height: 56px;\">mayo 6, 2026<\/td>\n<td style=\"width: 32.605%; text-align: center; height: 56px;\">\n<p style=\"text-align: center;\">Sesi\u00f3n Online<\/p>\n<p style=\"text-align: center;\">7pm a 9pm<\/p>\n<p style=\"text-align: center;\">Hora de Puerto Rico<\/p>\n<\/td>\n<td style=\"width: 34.9356%; text-align: center; height: 56px;\"><a href=\"https:\/\/ham.study\/sessions\/6913b2fbd58be5085ee3cf9d\/1\">Click aqu\u00ed para registro<\/a><\/td>\n<\/tr>\n<tr style=\"height: 56px;\">\n<td style=\"width: 32.4593%; text-align: center; height: 56px;\">junio 3, 2026<\/td>\n<td style=\"width: 32.605%; text-align: center; height: 56px;\">\n<p style=\"text-align: center;\">Sesi\u00f3n Online<\/p>\n<p style=\"text-align: center;\">7pm a 9pm<\/p>\n<p style=\"text-align: center;\">Hora de Puerto Rico<\/p>\n<\/td>\n<td style=\"width: 34.9356%; text-align: center; height: 56px;\"><a href=\"https:\/\/ham.study\/sessions\/6913b30ec9eee346ee9e69fe\/1\">Click aqu\u00ed para registro<\/a><\/td>\n<\/tr>\n<tr style=\"height: 24px;\">\n<td style=\"width: 32.4593%; text-align: center; height: 24px;\"><\/td>\n<td style=\"width: 32.605%; text-align: center; height: 24px;\"><\/td>\n<td style=\"width: 34.9356%; text-align: center; height: 24px;\"><\/td>\n<\/tr>\n<tr style=\"height: 132px;\">\n<td style=\"width: 99.9999%; text-align: center; height: 132px;\" colspan=\"3\">\n<p style=\"text-align: center;\"><strong><span style=\"font-size: 14pt;\"><a href=\"https:\/\/www.glaargpr.com\/?page_id=41\" target=\"_blank\" rel=\"noopener\">Informaci\u00f3n sobre los ex\u00e1menes \u201conline\u201d<\/a><\/span><\/strong><br \/>\n<a href=\"https:\/\/www.glaargpr.com\/?page_id=41\" target=\"_blank\" rel=\"noopener\"><strong><span style=\"font-size: 14pt;\">Reglas, Recomendaciones y Protocolos<\/span><\/strong><\/a><\/p>\n<p style=\"text-align: center;\"><span class=\"JsGRdQ\" style=\"font-size: 14pt;\">Contacto: glaargpr@gmail.com<\/span><\/p>\n<\/td>\n<\/tr>\n<\/tbody>\n<\/table>\n<p>&nbsp;<\/p>\n","protected":false},"excerpt":{"rendered":"<p>Pr\u00f3ximas Fechas de Ex\u00e1menes Para todas las categor\u00edas de radioaficionado, en espa\u00f1ol e ingles. Siempre examinamos a menores de edad, estudiantes menores de 25 con ID, militares activos y veteranos GRATIS. Todos los dem\u00e1s pagan $10.00 d\u00f3lares. Fecha Hora Enlace de Registro marzo 22, 2026 Sesi\u00f3n Presencial Coliseo Francisco Deida, Hatillo 10am a 12pm Click&#8230;<\/p>\n","protected":false},"author":1,"featured_media":0,"parent":0,"menu_order":0,"comment_status":"closed","ping_status":"closed","template":"","meta":{"footnotes":""},"class_list":["post-20","page","type-page","status-publish","hentry"],"_links":{"self":[{"href":"https:\/\/www.glaargpr.com\/index.php?rest_route=\/wp\/v2\/pages\/20","targetHints":{"allow":["GET"]}}],"collection":[{"href":"https:\/\/www.glaargpr.com\/index.php?rest_route=\/wp\/v2\/pages"}],"about":[{"href":"https:\/\/www.glaargpr.com\/index.php?rest_route=\/wp\/v2\/types\/page"}],"author":[{"embeddable":true,"href":"https:\/\/www.glaargpr.com\/index.php?rest_route=\/wp\/v2\/users\/1"}],"replies":[{"embeddable":true,"href":"https:\/\/www.glaargpr.com\/index.php?rest_route=%2Fwp%2Fv2%2Fcomments&post=20"}],"version-history":[{"count":158,"href":"https:\/\/www.glaargpr.com\/index.php?rest_route=\/wp\/v2\/pages\/20\/revisions"}],"predecessor-version":[{"id":548,"href":"https:\/\/www.glaargpr.com\/index.php?rest_route=\/wp\/v2\/pages\/20\/revisions\/548"}],"wp:attachment":[{"href":"https:\/\/www.glaargpr.com\/index.php?rest_route=%2Fwp%2Fv2%2Fmedia&parent=20"}],"curies":[{"name":"wp","href":"https:\/\/api.w.org\/{rel}","templated":true}]}}